{"id":275,"date":"2025-11-14T05:24:48","date_gmt":"2025-11-14T05:24:48","guid":{"rendered":"https:\/\/iestphuarmaca.edu.pe\/portal\/?page_id=275"},"modified":"2026-03-31T17:05:10","modified_gmt":"2026-03-31T22:05:10","slug":"documentos-de-gestion","status":"publish","type":"page","link":"https:\/\/iestphuarmaca.edu.pe\/portal\/documentos-de-gestion\/","title":{"rendered":"Documentos De Gesti\u00f3n"},"content":{"rendered":"\t\t<div data-elementor-type=\"wp-page\" data-elementor-id=\"275\" class=\"elementor elementor-275\" data-elementor-post-type=\"page\">\n\t\t\t\t<div data-particle_enable=\"false\" data-particle-mobile-disabled=\"false\" class=\"elementor-element elementor-element-14a47c8e e-con-full e-flex e-con e-parent\" data-id=\"14a47c8e\" data-element_type=\"container\" data-e-type=\"container\" data-settings=\"{&quot;background_background&quot;:&quot;classic&quot;}\">\n\t\t<div data-particle_enable=\"false\" data-particle-mobile-disabled=\"false\" class=\"elementor-element elementor-element-3df9818c e-con-full e-flex e-con e-child\" data-id=\"3df9818c\" data-element_type=\"container\" data-e-type=\"container\" data-settings=\"{&quot;background_background&quot;:&quot;classic&quot;}\">\n\t\t\t\t<div class=\"elementor-element elementor-element-4464d172 elementor-widget elementor-widget-heading\" data-id=\"4464d172\" data-element_type=\"widget\" data-e-type=\"widget\" data-widget_type=\"heading.default\">\n\t\t\t\t\t<h2 class=\"elementor-heading-title elementor-size-default\">Documentos institucionales<\/h2>\t\t\t\t<\/div>\n\t\t\t\t<div class=\"elementor-element elementor-element-1c4de330 elementor-widget elementor-widget-text-editor\" data-id=\"1c4de330\" data-element_type=\"widget\" data-e-type=\"widget\" data-widget_type=\"text-editor.default\">\n\t\t\t\t\t\t\t\t\t<p>Accede a los principales documentos de gesti\u00f3n y normativa institucional.<\/p>\t\t\t\t\t\t\t\t<\/div>\n\t\t\t\t<\/div>\n\t\t\t\t<\/div>\n\t\t<div data-particle_enable=\"false\" data-particle-mobile-disabled=\"false\" class=\"elementor-element elementor-element-2f87a84f e-con-full e-flex e-con e-parent\" data-id=\"2f87a84f\" data-element_type=\"container\" data-e-type=\"container\" data-settings=\"{&quot;background_background&quot;:&quot;classic&quot;}\">\n\t\t<div data-particle_enable=\"false\" data-particle-mobile-disabled=\"false\" class=\"elementor-element elementor-element-2bc0f9fc e-flex e-con-boxed e-con e-child\" data-id=\"2bc0f9fc\" data-element_type=\"container\" data-e-type=\"container\">\n\t\t\t\t\t<div class=\"e-con-inner\">\n\t\t<div data-particle_enable=\"false\" data-particle-mobile-disabled=\"false\" class=\"elementor-element elementor-element-6f9467a3 e-grid e-con-full e-con e-child\" data-id=\"6f9467a3\" data-element_type=\"container\" data-e-type=\"container\">\n\t\t\t\t<div class=\"elementor-element elementor-element-498e6d7 eael-infobox-content-align--center eael-infobox-shape-square eael-infobox-hover-img-shape-square elementor-widget elementor-widget-eael-info-box\" data-id=\"498e6d7\" data-element_type=\"widget\" data-e-type=\"widget\" data-widget_type=\"eael-info-box.default\">\n\t\t\t\t\t            <a href=\"https:\/\/iestphuarmaca.edu.pe\/portal\/tupa-2026\/\" target=\"_blank\">\n\t            <div class=\"eael-infobox icon-on-top\">\n\t            <div class=\"infobox-icon\">\n\n                            <img decoding=\"async\" src=\"https:\/\/iestphuarmaca.edu.pe\/portal\/wp-content\/uploads\/2025\/11\/reglamento-intenno-santa-ursula.webp\" alt=\"\">\n            \n            \n            \n        <\/div>\n            <div class=\"infobox-content\">\n                    <div class=\"infobox-title-section\">\n                <h2 class=\"title\">TUPA<\/h2>            <\/div>\n            <div><p><em>Texto \u00danico de Procesos Administrativos<\/em><\/p><\/div>        <\/div>\n            <\/div>\n\n\t\t            <\/a>\n\t\t\t\t\t\t<\/div>\n\t\t\t\t<div class=\"elementor-element elementor-element-397e0eb eael-infobox-content-align--center eael-infobox-shape-square eael-infobox-hover-img-shape-square elementor-widget elementor-widget-eael-info-box\" data-id=\"397e0eb\" data-element_type=\"widget\" data-e-type=\"widget\" data-widget_type=\"eael-info-box.default\">\n\t\t\t\t\t            <a href=\"https:\/\/iestphuarmaca.edu.pe\/portal\/wp-content\/uploads\/2025\/12\/documento-de-prueba.pdf\" target=\"_blank\">\n\t            <div class=\"eael-infobox icon-on-top\">\n\t            <div class=\"infobox-icon\">\n\n                            <img decoding=\"async\" src=\"https:\/\/iestphuarmaca.edu.pe\/portal\/wp-content\/uploads\/2025\/11\/perfil-de-estudiante-santa-ursula.webp\" alt=\"\">\n            \n            \n            \n        <\/div>\n            <div class=\"infobox-content\">\n                    <div class=\"infobox-title-section\">\n                <h2 class=\"title\">MOF<\/h2>            <\/div>\n            <div><p><em>Manual de Organizaci\u00f3n y Funciones<\/em><\/p><\/div>        <\/div>\n            <\/div>\n\n\t\t            <\/a>\n\t\t\t\t\t\t<\/div>\n\t\t\t\t<div class=\"elementor-element elementor-element-736b3b2 eael-infobox-content-align--center eael-infobox-shape-square eael-infobox-hover-img-shape-square elementor-widget elementor-widget-eael-info-box\" data-id=\"736b3b2\" data-element_type=\"widget\" data-e-type=\"widget\" data-widget_type=\"eael-info-box.default\">\n\t\t\t\t\t            <a href=\"https:\/\/iestphuarmaca.edu.pe\/portal\/wp-content\/uploads\/2025\/12\/documento-de-prueba.pdf\" target=\"_blank\">\n\t            <div class=\"eael-infobox icon-on-top\">\n\t            <div class=\"infobox-icon\">\n\n                            <img decoding=\"async\" src=\"https:\/\/iestphuarmaca.edu.pe\/portal\/wp-content\/uploads\/2025\/11\/reglamento-intenno-santa-ursula.webp\" alt=\"\">\n            \n            \n            \n        <\/div>\n            <div class=\"infobox-content\">\n                    <div class=\"infobox-title-section\">\n                <h2 class=\"title\">MAPRO<\/h2>            <\/div>\n            <div><p><em>Manual de Procesos de R\u00e9gimen Acad\u00e9mico<\/em><\/p><\/div>        <\/div>\n            <\/div>\n\n\t\t            <\/a>\n\t\t\t\t\t\t<\/div>\n\t\t\t\t<div class=\"elementor-element elementor-element-9adb7a3 eael-infobox-content-align--center eael-infobox-shape-square eael-infobox-hover-img-shape-square elementor-widget elementor-widget-eael-info-box\" data-id=\"9adb7a3\" data-element_type=\"widget\" data-e-type=\"widget\" data-widget_type=\"eael-info-box.default\">\n\t\t\t\t\t            <a href=\"https:\/\/iestphuarmaca.edu.pe\/portal\/wp-content\/uploads\/2025\/12\/documento-de-prueba.pdf\" target=\"_blank\">\n\t            <div class=\"eael-infobox icon-on-top\">\n\t            <div class=\"infobox-icon\">\n\n                            <img decoding=\"async\" src=\"https:\/\/iestphuarmaca.edu.pe\/portal\/wp-content\/uploads\/2025\/11\/reglamento-intenno-santa-ursula.webp\" alt=\"\">\n            \n            \n            \n        <\/div>\n            <div class=\"infobox-content\">\n                    <div class=\"infobox-title-section\">\n                <h2 class=\"title\">PEI<\/h2>            <\/div>\n            <div><p><em>Proyecto Educativo Institucional<\/em><\/p><\/div>        <\/div>\n            <\/div>\n\n\t\t            <\/a>\n\t\t\t\t\t\t<\/div>\n\t\t\t\t<div class=\"elementor-element elementor-element-9ed36e1 eael-infobox-content-align--center eael-infobox-shape-square eael-infobox-hover-img-shape-square elementor-widget elementor-widget-eael-info-box\" data-id=\"9ed36e1\" data-element_type=\"widget\" data-e-type=\"widget\" data-widget_type=\"eael-info-box.default\">\n\t\t\t\t\t            <a href=\"https:\/\/iestphuarmaca.edu.pe\/portal\/wp-content\/uploads\/2025\/12\/documento-de-prueba.pdf\" target=\"_blank\">\n\t            <div class=\"eael-infobox icon-on-top\">\n\t            <div class=\"infobox-icon\">\n\n                            <img decoding=\"async\" src=\"https:\/\/iestphuarmaca.edu.pe\/portal\/wp-content\/uploads\/2025\/11\/reglamento-intenno-santa-ursula.webp\" alt=\"\">\n            \n            \n            \n        <\/div>\n            <div class=\"infobox-content\">\n                    <div class=\"infobox-title-section\">\n                <h2 class=\"title\">RI<\/h2>            <\/div>\n            <div><p><em>Reglamento Institucional<\/em><\/p><\/div>        <\/div>\n            <\/div>\n\n\t\t            <\/a>\n\t\t\t\t\t\t<\/div>\n\t\t\t\t<div class=\"elementor-element elementor-element-1de6a1e eael-infobox-content-align--center eael-infobox-shape-square eael-infobox-hover-img-shape-square elementor-widget elementor-widget-eael-info-box\" data-id=\"1de6a1e\" data-element_type=\"widget\" data-e-type=\"widget\" data-widget_type=\"eael-info-box.default\">\n\t\t\t\t\t            <a href=\"https:\/\/iestphuarmaca.edu.pe\/portal\/wp-content\/uploads\/2025\/12\/documento-de-prueba.pdf\" target=\"_blank\">\n\t            <div class=\"eael-infobox icon-on-top\">\n\t            <div class=\"infobox-icon\">\n\n                            <img decoding=\"async\" src=\"https:\/\/iestphuarmaca.edu.pe\/portal\/wp-content\/uploads\/2025\/11\/reglamento-intenno-santa-ursula.webp\" alt=\"\">\n            \n            \n            \n        <\/div>\n            <div class=\"infobox-content\">\n                    <div class=\"infobox-title-section\">\n                <h2 class=\"title\">PAT<\/h2>            <\/div>\n            <div><p><em>Plan Anual de Trabajo &#8211; 2022<\/em><\/p><\/div>        <\/div>\n            <\/div>\n\n\t\t            <\/a>\n\t\t\t\t\t\t<\/div>\n\t\t\t\t<div class=\"elementor-element elementor-element-06206ea eael-infobox-content-align--center eael-infobox-shape-square eael-infobox-hover-img-shape-square elementor-widget elementor-widget-eael-info-box\" data-id=\"06206ea\" data-element_type=\"widget\" data-e-type=\"widget\" data-widget_type=\"eael-info-box.default\">\n\t\t\t\t\t            <a href=\"https:\/\/iestphuarmaca.edu.pe\/portal\/wp-content\/uploads\/2025\/12\/documento-de-prueba.pdf\" target=\"_blank\">\n\t            <div class=\"eael-infobox icon-on-top\">\n\t            <div class=\"infobox-icon\">\n\n                            <img decoding=\"async\" src=\"https:\/\/iestphuarmaca.edu.pe\/portal\/wp-content\/uploads\/2025\/11\/reglamento-intenno-santa-ursula.webp\" alt=\"\">\n            \n            \n            \n        <\/div>\n            <div class=\"infobox-content\">\n                    <div class=\"infobox-title-section\">\n                <h2 class=\"title\">Reglamento de Titulaci\u00f3n<\/h2>            <\/div>\n                    <\/div>\n            <\/div>\n\n\t\t            <\/a>\n\t\t\t\t\t\t<\/div>\n\t\t\t\t<div class=\"elementor-element elementor-element-f83ed3b eael-infobox-content-align--center eael-infobox-shape-square eael-infobox-hover-img-shape-square elementor-widget elementor-widget-eael-info-box\" data-id=\"f83ed3b\" data-element_type=\"widget\" data-e-type=\"widget\" data-widget_type=\"eael-info-box.default\">\n\t\t\t\t\t            <a href=\"https:\/\/iestphuarmaca.edu.pe\/portal\/wp-content\/uploads\/2025\/12\/documento-de-prueba.pdf\" target=\"_blank\">\n\t            <div class=\"eael-infobox icon-on-top\">\n\t            <div class=\"infobox-icon\">\n\n                            <img decoding=\"async\" src=\"https:\/\/iestphuarmaca.edu.pe\/portal\/wp-content\/uploads\/2025\/11\/reglamento-intenno-santa-ursula.webp\" alt=\"\">\n            \n            \n            \n        <\/div>\n            <div class=\"infobox-content\">\n                    <div class=\"infobox-title-section\">\n                <h2 class=\"title\">Reglamento de experiencias formativas en situaciones reales de trabajo<\/h2>            <\/div>\n                    <\/div>\n            <\/div>\n\n\t\t            <\/a>\n\t\t\t\t\t\t<\/div>\n\t\t\t\t<\/div>\n\t\t\t\t\t<\/div>\n\t\t\t\t<\/div>\n\t\t\t\t<\/div>\n\t\t\t\t<\/div>\n\t\t","protected":false},"excerpt":{"rendered":"<p>Documentos institucionales Accede a los principales documentos de gesti\u00f3n y normativa institucional. TUPA Texto \u00danico de Procesos Administrativos MOF Manual de Organizaci\u00f3n y Funciones MAPRO Manual de Procesos de R\u00e9gimen Acad\u00e9mico PEI Proyecto Educativo Institucional RI Reglamento Institucional PAT Plan Anual de Trabajo &#8211; 2022 Reglamento de Titulaci\u00f3n Reglamento de experiencias formativas en situaciones reales [&hellip;]<\/p>\n","protected":false},"author":1,"featured_media":0,"parent":0,"menu_order":0,"comment_status":"closed","ping_status":"closed","template":"","meta":{"_acf_changed":false,"footnotes":""},"class_list":["post-275","page","type-page","status-publish","hentry"],"blocksy_meta":{"has_hero_section":"disabled","styles_descriptor":{"styles":{"desktop":"","tablet":"","mobile":""},"google_fonts":[],"version":6}},"acf":[],"_links":{"self":[{"href":"https:\/\/iestphuarmaca.edu.pe\/portal\/wp-json\/wp\/v2\/pages\/275","targetHints":{"allow":["GET"]}}],"collection":[{"href":"https:\/\/iestphuarmaca.edu.pe\/portal\/wp-json\/wp\/v2\/pages"}],"about":[{"href":"https:\/\/iestphuarmaca.edu.pe\/portal\/wp-json\/wp\/v2\/types\/page"}],"author":[{"embeddable":true,"href":"https:\/\/iestphuarmaca.edu.pe\/portal\/wp-json\/wp\/v2\/users\/1"}],"replies":[{"embeddable":true,"href":"https:\/\/iestphuarmaca.edu.pe\/portal\/wp-json\/wp\/v2\/comments?post=275"}],"version-history":[{"count":79,"href":"https:\/\/iestphuarmaca.edu.pe\/portal\/wp-json\/wp\/v2\/pages\/275\/revisions"}],"predecessor-version":[{"id":5226,"href":"https:\/\/iestphuarmaca.edu.pe\/portal\/wp-json\/wp\/v2\/pages\/275\/revisions\/5226"}],"wp:attachment":[{"href":"https:\/\/iestphuarmaca.edu.pe\/portal\/wp-json\/wp\/v2\/media?parent=275"}],"curies":[{"name":"wp","href":"https:\/\/api.w.org\/{rel}","templated":true}]}}