{"id":251,"date":"2025-11-14T05:18:14","date_gmt":"2025-11-14T05:18:14","guid":{"rendered":"https:\/\/iestphuarmaca.edu.pe\/portal\/?page_id=251"},"modified":"2026-03-31T17:16:54","modified_gmt":"2026-03-31T22:16:54","slug":"organizacion","status":"publish","type":"page","link":"https:\/\/iestphuarmaca.edu.pe\/portal\/organizacion\/","title":{"rendered":"Organizaci\u00f3n"},"content":{"rendered":"\t\t<div data-elementor-type=\"wp-page\" data-elementor-id=\"251\" class=\"elementor elementor-251\" data-elementor-post-type=\"page\">\n\t\t\t\t<div data-particle_enable=\"false\" data-particle-mobile-disabled=\"false\" class=\"elementor-element elementor-element-64502e5c e-con-full e-flex e-con e-parent\" data-id=\"64502e5c\" data-element_type=\"container\" data-e-type=\"container\" data-settings=\"{&quot;background_background&quot;:&quot;classic&quot;}\">\n\t\t<div data-particle_enable=\"false\" data-particle-mobile-disabled=\"false\" class=\"elementor-element elementor-element-7d458dea e-con-full e-flex e-con e-child\" data-id=\"7d458dea\" data-element_type=\"container\" data-e-type=\"container\" data-settings=\"{&quot;background_background&quot;:&quot;classic&quot;}\">\n\t\t\t\t<div class=\"elementor-element elementor-element-62588e15 elementor-widget elementor-widget-heading\" data-id=\"62588e15\" data-element_type=\"widget\" data-e-type=\"widget\" data-widget_type=\"heading.default\">\n\t\t\t\t\t<h2 class=\"elementor-heading-title elementor-size-default\">ORGANIGRAMA INSTITUCIONAL<\/h2>\t\t\t\t<\/div>\n\t\t\t\t<div class=\"elementor-element elementor-element-5a6c4d6f elementor-widget elementor-widget-text-editor\" data-id=\"5a6c4d6f\" data-element_type=\"widget\" data-e-type=\"widget\" data-widget_type=\"text-editor.default\">\n\t\t\t\t\t\t\t\t\t<p>Conoce c\u00f3mo est\u00e1 organizado nuestro instituto. Aqu\u00ed puedes ver la estructura jer\u00e1rquica y las diferentes unidades que lo conforman.<\/p>\t\t\t\t\t\t\t\t<\/div>\n\t\t\t\t<\/div>\n\t\t\t\t<\/div>\n\t\t<div data-particle_enable=\"false\" data-particle-mobile-disabled=\"false\" class=\"elementor-element elementor-element-362c37dc e-flex e-con-boxed e-con e-parent\" data-id=\"362c37dc\" data-element_type=\"container\" data-e-type=\"container\" data-settings=\"{&quot;background_background&quot;:&quot;classic&quot;}\">\n\t\t\t\t\t<div class=\"e-con-inner\">\n\t\t\t\t<div class=\"elementor-element elementor-element-5b802921 elementor-widget__width-initial elementor-widget elementor-widget-image\" data-id=\"5b802921\" data-element_type=\"widget\" data-e-type=\"widget\" data-widget_type=\"image.default\">\n\t\t\t\t\t\t\t\t\t\t\t\t\t\t\t<img fetchpriority=\"high\" decoding=\"async\" width=\"1242\" height=\"1755\" src=\"https:\/\/iestphuarmaca.edu.pe\/portal\/wp-content\/uploads\/2026\/03\/ORGN-MPP-2026_page-0001.jpg\" class=\"attachment-full size-full wp-image-5230\" alt=\"\" srcset=\"https:\/\/iestphuarmaca.edu.pe\/portal\/wp-content\/uploads\/2026\/03\/ORGN-MPP-2026_page-0001.jpg 1242w, https:\/\/iestphuarmaca.edu.pe\/portal\/wp-content\/uploads\/2026\/03\/ORGN-MPP-2026_page-0001-212x300.jpg 212w, https:\/\/iestphuarmaca.edu.pe\/portal\/wp-content\/uploads\/2026\/03\/ORGN-MPP-2026_page-0001-725x1024.jpg 725w, https:\/\/iestphuarmaca.edu.pe\/portal\/wp-content\/uploads\/2026\/03\/ORGN-MPP-2026_page-0001-768x1085.jpg 768w, https:\/\/iestphuarmaca.edu.pe\/portal\/wp-content\/uploads\/2026\/03\/ORGN-MPP-2026_page-0001-1087x1536.jpg 1087w\" sizes=\"(max-width: 1242px) 100vw, 1242px\" \/>\t\t\t\t\t\t\t\t\t\t\t\t\t\t\t<\/div>\n\t\t\t\t<div class=\"elementor-element elementor-element-2284c41 elementor-widget elementor-widget-button\" data-id=\"2284c41\" data-element_type=\"widget\" data-e-type=\"widget\" data-widget_type=\"button.default\">\n\t\t\t\t\t\t\t\t\t\t<a class=\"elementor-button elementor-button-link elementor-size-sm\" href=\"https:\/\/iestphuarmaca.edu.pe\/portal\/?attachment_id=5234\" target=\"_blank\">\n\t\t\t\t\t\t<span class=\"elementor-button-content-wrapper\">\n\t\t\t\t\t\t\t\t\t<span class=\"elementor-button-text\">Descargar organigrama en PDF<\/span>\n\t\t\t\t\t<\/span>\n\t\t\t\t\t<\/a>\n\t\t\t\t\t\t\t\t<\/div>\n\t\t\t\t<div class=\"elementor-element elementor-element-69f285d elementor-widget elementor-widget-text-editor\" data-id=\"69f285d\" data-element_type=\"widget\" data-e-type=\"widget\" data-widget_type=\"text-editor.default\">\n\t\t\t\t\t\t\t\t\t<p>\u00abEste organigrama representa la estructura oficial vigente. Para cualquier consulta, no dude en contactarnos. <i>\u00daltima actualizaci\u00f3n: Noviembre 2025<\/i>.\u00bb<\/p>\t\t\t\t\t\t\t\t<\/div>\n\t\t\t\t\t<\/div>\n\t\t\t\t<\/div>\n\t\t\t\t<\/div>\n\t\t","protected":false},"excerpt":{"rendered":"<p>ORGANIGRAMA INSTITUCIONAL Conoce c\u00f3mo est\u00e1 organizado nuestro instituto. Aqu\u00ed puedes ver la estructura jer\u00e1rquica y las diferentes unidades que lo conforman. Descargar organigrama en PDF \u00abEste organigrama representa la estructura oficial vigente. Para cualquier consulta, no dude en contactarnos. \u00daltima actualizaci\u00f3n: Noviembre 2025.\u00bb<\/p>\n","protected":false},"author":1,"featured_media":0,"parent":0,"menu_order":0,"comment_status":"closed","ping_status":"closed","template":"","meta":{"_acf_changed":false,"footnotes":""},"class_list":["post-251","page","type-page","status-publish","hentry"],"blocksy_meta":{"has_hero_section":"disabled","styles_descriptor":{"styles":{"desktop":"","tablet":"","mobile":""},"google_fonts":[],"version":6}},"acf":[],"_links":{"self":[{"href":"https:\/\/iestphuarmaca.edu.pe\/portal\/wp-json\/wp\/v2\/pages\/251","targetHints":{"allow":["GET"]}}],"collection":[{"href":"https:\/\/iestphuarmaca.edu.pe\/portal\/wp-json\/wp\/v2\/pages"}],"about":[{"href":"https:\/\/iestphuarmaca.edu.pe\/portal\/wp-json\/wp\/v2\/types\/page"}],"author":[{"embeddable":true,"href":"https:\/\/iestphuarmaca.edu.pe\/portal\/wp-json\/wp\/v2\/users\/1"}],"replies":[{"embeddable":true,"href":"https:\/\/iestphuarmaca.edu.pe\/portal\/wp-json\/wp\/v2\/comments?post=251"}],"version-history":[{"count":85,"href":"https:\/\/iestphuarmaca.edu.pe\/portal\/wp-json\/wp\/v2\/pages\/251\/revisions"}],"predecessor-version":[{"id":5237,"href":"https:\/\/iestphuarmaca.edu.pe\/portal\/wp-json\/wp\/v2\/pages\/251\/revisions\/5237"}],"wp:attachment":[{"href":"https:\/\/iestphuarmaca.edu.pe\/portal\/wp-json\/wp\/v2\/media?parent=251"}],"curies":[{"name":"wp","href":"https:\/\/api.w.org\/{rel}","templated":true}]}}