{"id":248,"date":"2025-11-14T05:17:39","date_gmt":"2025-11-14T05:17:39","guid":{"rendered":"https:\/\/iestphuarmaca.edu.pe\/portal\/?page_id=248"},"modified":"2026-04-29T12:57:02","modified_gmt":"2026-04-29T17:57:02","slug":"quienes-somos","status":"publish","type":"page","link":"https:\/\/iestphuarmaca.edu.pe\/portal\/quienes-somos\/","title":{"rendered":"Quienes Somos"},"content":{"rendered":"\t\t<div data-elementor-type=\"wp-page\" data-elementor-id=\"248\" class=\"elementor elementor-248\" data-elementor-post-type=\"page\">\n\t\t\t\t<div data-particle_enable=\"false\" data-particle-mobile-disabled=\"false\" class=\"elementor-element elementor-element-7a8da27a e-con-full e-flex e-con e-parent\" data-id=\"7a8da27a\" data-element_type=\"container\" data-e-type=\"container\" data-settings=\"{&quot;background_background&quot;:&quot;classic&quot;}\">\n\t\t<div data-particle_enable=\"false\" data-particle-mobile-disabled=\"false\" class=\"elementor-element elementor-element-35a40351 e-con-full e-flex e-con e-child\" data-id=\"35a40351\" data-element_type=\"container\" data-e-type=\"container\" data-settings=\"{&quot;background_background&quot;:&quot;classic&quot;}\">\n\t\t\t\t<div class=\"elementor-element elementor-element-4b55f4ae elementor-widget elementor-widget-heading\" data-id=\"4b55f4ae\" data-element_type=\"widget\" data-e-type=\"widget\" data-widget_type=\"heading.default\">\n\t\t\t\t\t<h1 class=\"elementor-heading-title elementor-size-default\">CONOCE MAS SOBRE NOSOTROS<\/h1>\t\t\t\t<\/div>\n\t\t\t\t<div class=\"elementor-element elementor-element-5a216a37 elementor-widget elementor-widget-text-editor\" data-id=\"5a216a37\" data-element_type=\"widget\" data-e-type=\"widget\" data-widget_type=\"text-editor.default\">\n\t\t\t\t\t\t\t\t\t<p>Somos un instituto de educaci\u00f3n superior tecnol\u00f3gica comprometido con la formaci\u00f3n de profesionales t\u00e9cnicos<\/p>\t\t\t\t\t\t\t\t<\/div>\n\t\t\t\t<\/div>\n\t\t\t\t<\/div>\n\t\t<div data-particle_enable=\"false\" data-particle-mobile-disabled=\"false\" class=\"elementor-element elementor-element-1590dc9 e-con-full e-flex e-con e-parent\" data-id=\"1590dc9\" data-element_type=\"container\" data-e-type=\"container\" data-settings=\"{&quot;background_background&quot;:&quot;classic&quot;}\">\n\t\t<div data-particle_enable=\"false\" data-particle-mobile-disabled=\"false\" class=\"elementor-element elementor-element-75f577f5 e-flex e-con-boxed e-con e-child\" data-id=\"75f577f5\" data-element_type=\"container\" data-e-type=\"container\">\n\t\t\t\t\t<div class=\"e-con-inner\">\n\t\t<div data-particle_enable=\"false\" data-particle-mobile-disabled=\"false\" class=\"elementor-element elementor-element-796f8e88 e-grid e-con-boxed e-con e-child\" data-id=\"796f8e88\" data-element_type=\"container\" data-e-type=\"container\">\n\t\t\t\t\t<div class=\"e-con-inner\">\n\t\t\t\t<div class=\"elementor-element elementor-element-45de4eaf elementor-widget elementor-widget-image\" data-id=\"45de4eaf\" data-element_type=\"widget\" data-e-type=\"widget\" data-widget_type=\"image.default\">\n\t\t\t\t\t\t\t\t\t\t\t\t\t\t\t<img fetchpriority=\"high\" decoding=\"async\" width=\"1024\" height=\"559\" src=\"https:\/\/iestphuarmaca.edu.pe\/portal\/wp-content\/uploads\/2025\/11\/Gemini_Generated_Image_bpuq6bbpuq6bbpuq-1024x559.png\" class=\"attachment-large size-large wp-image-2069\" alt=\"\" srcset=\"https:\/\/iestphuarmaca.edu.pe\/portal\/wp-content\/uploads\/2025\/11\/Gemini_Generated_Image_bpuq6bbpuq6bbpuq-1024x559.png 1024w, https:\/\/iestphuarmaca.edu.pe\/portal\/wp-content\/uploads\/2025\/11\/Gemini_Generated_Image_bpuq6bbpuq6bbpuq-300x164.png 300w, https:\/\/iestphuarmaca.edu.pe\/portal\/wp-content\/uploads\/2025\/11\/Gemini_Generated_Image_bpuq6bbpuq6bbpuq-768x419.png 768w, https:\/\/iestphuarmaca.edu.pe\/portal\/wp-content\/uploads\/2025\/11\/Gemini_Generated_Image_bpuq6bbpuq6bbpuq-1536x838.png 1536w, https:\/\/iestphuarmaca.edu.pe\/portal\/wp-content\/uploads\/2025\/11\/Gemini_Generated_Image_bpuq6bbpuq6bbpuq-2048x1117.png 2048w\" sizes=\"(max-width: 1024px) 100vw, 1024px\" \/>\t\t\t\t\t\t\t\t\t\t\t\t\t\t\t<\/div>\n\t\t<div data-particle_enable=\"false\" data-particle-mobile-disabled=\"false\" class=\"elementor-element elementor-element-7d83ab82 e-con-full e-flex e-con e-child\" data-id=\"7d83ab82\" data-element_type=\"container\" data-e-type=\"container\" data-settings=\"{&quot;background_background&quot;:&quot;classic&quot;}\">\n\t\t\t\t<div class=\"elementor-element elementor-element-5f58b7ac elementor-widget elementor-widget-heading\" data-id=\"5f58b7ac\" data-element_type=\"widget\" data-e-type=\"widget\" data-widget_type=\"heading.default\">\n\t\t\t\t\t<p class=\"elementor-heading-title elementor-size-default\">Nuestra<\/p>\t\t\t\t<\/div>\n\t\t\t\t<div class=\"elementor-element elementor-element-675338bd elementor-widget elementor-widget-heading\" data-id=\"675338bd\" data-element_type=\"widget\" data-e-type=\"widget\" data-widget_type=\"heading.default\">\n\t\t\t\t\t<h1 class=\"elementor-heading-title elementor-size-default\">Misi\u00f3n <\/h1>\t\t\t\t<\/div>\n\t\t\t\t<div class=\"elementor-element elementor-element-6c358c5b elementor-widget elementor-widget-text-editor\" data-id=\"6c358c5b\" data-element_type=\"widget\" data-e-type=\"widget\" data-widget_type=\"text-editor.default\">\n\t\t\t\t\t\t\t\t\t<p>El Instituto de Educaci\u00f3n Superior P\u00fablico \u201cHuarmaca\u201d, es una instituci\u00f3n l\u00edder comprometida con la formaci\u00f3n de profesionales competitivos y de calidad, con habilidad de liderazgo, intelectual, innovador y empresarial, adaptados a los cambios cient\u00edfico \u2013 tecnol\u00f3gicos, participando y resolviendo conflictos acordes a las nuevas exigencias del mundo globalizado e intercultural, asumiendo una conciencia ecol\u00f3gica a favor del desarrollo humano sostenible<strong>.<\/strong><\/p>\t\t\t\t\t\t\t\t<\/div>\n\t\t\t\t<\/div>\n\t\t\t\t\t<\/div>\n\t\t\t\t<\/div>\n\t\t\t\t\t<\/div>\n\t\t\t\t<\/div>\n\t\t\t\t<\/div>\n\t\t<div data-particle_enable=\"false\" data-particle-mobile-disabled=\"false\" class=\"elementor-element elementor-element-531e350e e-con-full e-flex e-con e-parent\" data-id=\"531e350e\" data-element_type=\"container\" data-e-type=\"container\" data-settings=\"{&quot;background_background&quot;:&quot;classic&quot;}\">\n\t\t<div data-particle_enable=\"false\" data-particle-mobile-disabled=\"false\" class=\"elementor-element elementor-element-562e797a e-flex e-con-boxed e-con e-child\" data-id=\"562e797a\" data-element_type=\"container\" data-e-type=\"container\">\n\t\t\t\t\t<div class=\"e-con-inner\">\n\t\t<div data-particle_enable=\"false\" data-particle-mobile-disabled=\"false\" class=\"elementor-element elementor-element-5b096962 e-grid e-con-boxed e-con e-child\" data-id=\"5b096962\" data-element_type=\"container\" data-e-type=\"container\">\n\t\t\t\t\t<div class=\"e-con-inner\">\n\t\t<div data-particle_enable=\"false\" data-particle-mobile-disabled=\"false\" class=\"elementor-element elementor-element-146c7212 e-con-full e-flex e-con e-child\" data-id=\"146c7212\" data-element_type=\"container\" data-e-type=\"container\" data-settings=\"{&quot;background_background&quot;:&quot;classic&quot;}\">\n\t\t\t\t<div class=\"elementor-element elementor-element-244fce67 elementor-widget elementor-widget-heading\" data-id=\"244fce67\" data-element_type=\"widget\" data-e-type=\"widget\" data-widget_type=\"heading.default\">\n\t\t\t\t\t<p class=\"elementor-heading-title elementor-size-default\">Nuestra<\/p>\t\t\t\t<\/div>\n\t\t\t\t<div class=\"elementor-element elementor-element-161b255d elementor-widget elementor-widget-heading\" data-id=\"161b255d\" data-element_type=\"widget\" data-e-type=\"widget\" data-widget_type=\"heading.default\">\n\t\t\t\t\t<h1 class=\"elementor-heading-title elementor-size-default\">Visi\u00f3n <\/h1>\t\t\t\t<\/div>\n\t\t\t\t<div class=\"elementor-element elementor-element-32871b57 elementor-widget-mobile__width-initial elementor-widget elementor-widget-text-editor\" data-id=\"32871b57\" data-element_type=\"widget\" data-e-type=\"widget\" data-widget_type=\"text-editor.default\">\n\t\t\t\t\t\t\t\t\t<p>AL 2032 el Instituto de Educaci\u00f3n Superior P\u00fablico \u00a8Huarmaca\u00a8 se consolida como una instituci\u00f3n acreditada y licenciada, que est\u00e1 a la vanguardia de la Educaci\u00f3n Superior Tecnol\u00f3gica Inclusiva, Innovadora, Competitiva y Creativa que contribuye en la formaci\u00f3n de calidad de sus integrantes, asumiendo un proyecto de vida democr\u00e1tica y \u00e9tica, que facilite su inserci\u00f3n en el mercado laboral, para liderar el desarrollo local, regional y nacional.<\/p>\t\t\t\t\t\t\t\t<\/div>\n\t\t\t\t<\/div>\n\t\t\t\t<div class=\"elementor-element elementor-element-5e1b261b elementor-widget elementor-widget-image\" data-id=\"5e1b261b\" data-element_type=\"widget\" data-e-type=\"widget\" data-widget_type=\"image.default\">\n\t\t\t\t\t\t\t\t\t\t\t\t\t\t\t<img decoding=\"async\" width=\"1024\" height=\"559\" src=\"https:\/\/iestphuarmaca.edu.pe\/portal\/wp-content\/uploads\/2025\/11\/Gemini_Generated_Image_bpuq6bbpuq6bbpuq-1-1024x559.png\" class=\"attachment-large size-large wp-image-2068\" alt=\"\" srcset=\"https:\/\/iestphuarmaca.edu.pe\/portal\/wp-content\/uploads\/2025\/11\/Gemini_Generated_Image_bpuq6bbpuq6bbpuq-1-1024x559.png 1024w, https:\/\/iestphuarmaca.edu.pe\/portal\/wp-content\/uploads\/2025\/11\/Gemini_Generated_Image_bpuq6bbpuq6bbpuq-1-300x164.png 300w, https:\/\/iestphuarmaca.edu.pe\/portal\/wp-content\/uploads\/2025\/11\/Gemini_Generated_Image_bpuq6bbpuq6bbpuq-1-768x419.png 768w, https:\/\/iestphuarmaca.edu.pe\/portal\/wp-content\/uploads\/2025\/11\/Gemini_Generated_Image_bpuq6bbpuq6bbpuq-1-1536x838.png 1536w, https:\/\/iestphuarmaca.edu.pe\/portal\/wp-content\/uploads\/2025\/11\/Gemini_Generated_Image_bpuq6bbpuq6bbpuq-1-2048x1117.png 2048w\" sizes=\"(max-width: 1024px) 100vw, 1024px\" \/>\t\t\t\t\t\t\t\t\t\t\t\t\t\t\t<\/div>\n\t\t\t\t\t<\/div>\n\t\t\t\t<\/div>\n\t\t\t\t\t<\/div>\n\t\t\t\t<\/div>\n\t\t\t\t<\/div>\n\t\t<div data-particle_enable=\"false\" data-particle-mobile-disabled=\"false\" class=\"elementor-element elementor-element-680c2e05 e-con-full e-flex e-con e-parent\" data-id=\"680c2e05\" data-element_type=\"container\" data-e-type=\"container\" data-settings=\"{&quot;background_background&quot;:&quot;classic&quot;}\">\n\t\t<div data-particle_enable=\"false\" data-particle-mobile-disabled=\"false\" class=\"elementor-element elementor-element-5cbee074 e-flex e-con-boxed e-con e-child\" data-id=\"5cbee074\" data-element_type=\"container\" data-e-type=\"container\">\n\t\t\t\t\t<div class=\"e-con-inner\">\n\t\t<div data-particle_enable=\"false\" data-particle-mobile-disabled=\"false\" class=\"elementor-element elementor-element-420577e1 e-grid e-con-boxed e-con e-child\" data-id=\"420577e1\" data-element_type=\"container\" data-e-type=\"container\">\n\t\t\t\t\t<div class=\"e-con-inner\">\n\t\t\t\t<div class=\"elementor-element elementor-element-db3b36f elementor-widget elementor-widget-image\" data-id=\"db3b36f\" data-element_type=\"widget\" data-e-type=\"widget\" data-widget_type=\"image.default\">\n\t\t\t\t\t\t\t\t\t\t\t\t\t\t\t<img decoding=\"async\" width=\"1024\" height=\"559\" src=\"https:\/\/iestphuarmaca.edu.pe\/portal\/wp-content\/uploads\/2025\/11\/Gemini_Generated_Image_bpuq6bbpuq6bbpuq-1-1024x559.png\" class=\"attachment-large size-large wp-image-2068\" alt=\"\" srcset=\"https:\/\/iestphuarmaca.edu.pe\/portal\/wp-content\/uploads\/2025\/11\/Gemini_Generated_Image_bpuq6bbpuq6bbpuq-1-1024x559.png 1024w, https:\/\/iestphuarmaca.edu.pe\/portal\/wp-content\/uploads\/2025\/11\/Gemini_Generated_Image_bpuq6bbpuq6bbpuq-1-300x164.png 300w, https:\/\/iestphuarmaca.edu.pe\/portal\/wp-content\/uploads\/2025\/11\/Gemini_Generated_Image_bpuq6bbpuq6bbpuq-1-768x419.png 768w, https:\/\/iestphuarmaca.edu.pe\/portal\/wp-content\/uploads\/2025\/11\/Gemini_Generated_Image_bpuq6bbpuq6bbpuq-1-1536x838.png 1536w, https:\/\/iestphuarmaca.edu.pe\/portal\/wp-content\/uploads\/2025\/11\/Gemini_Generated_Image_bpuq6bbpuq6bbpuq-1-2048x1117.png 2048w\" sizes=\"(max-width: 1024px) 100vw, 1024px\" \/>\t\t\t\t\t\t\t\t\t\t\t\t\t\t\t<\/div>\n\t\t<div data-particle_enable=\"false\" data-particle-mobile-disabled=\"false\" class=\"elementor-element elementor-element-43542636 e-con-full e-flex e-con e-child\" data-id=\"43542636\" data-element_type=\"container\" data-e-type=\"container\" data-settings=\"{&quot;background_background&quot;:&quot;classic&quot;}\">\n\t\t\t\t<div class=\"elementor-element elementor-element-4e17f966 elementor-widget elementor-widget-heading\" data-id=\"4e17f966\" data-element_type=\"widget\" data-e-type=\"widget\" data-widget_type=\"heading.default\">\n\t\t\t\t\t<p class=\"elementor-heading-title elementor-size-default\">Nuestros<\/p>\t\t\t\t<\/div>\n\t\t\t\t<div class=\"elementor-element elementor-element-36916e5a elementor-widget elementor-widget-heading\" data-id=\"36916e5a\" data-element_type=\"widget\" data-e-type=\"widget\" data-widget_type=\"heading.default\">\n\t\t\t\t\t<h2 class=\"elementor-heading-title elementor-size-default\">Nuestros Valores<\/h2>\t\t\t\t<\/div>\n\t\t\t\t<div class=\"elementor-element elementor-element-31fa825 elementor-widget elementor-widget-text-editor\" data-id=\"31fa825\" data-element_type=\"widget\" data-e-type=\"widget\" data-widget_type=\"text-editor.default\">\n\t\t\t\t\t\t\t\t\t<strong><em>RESPONSABILIDAD<\/em><\/strong>\n<ul>\n \t<li>Son nuestros actos realizados de acuerdo con una noci\u00f3n de justicia y de cumplimiento del deber en todos los sentidos.<\/li>\n<\/ul>\n<strong>TOLERANCIA<\/strong>\n<ul>\n<li>Consiste en el respeto, aceptaci\u00f3n y el aprecio cultural de nuestro mundo, de diferentes formas de expresi\u00f3n humana, respetando la diversidad ideol\u00f3gica y de pensamiento.<\/li>\n<\/ul>\n<em><strong>IDENTIDAD<\/strong><\/em>\n<ul>\n \t<li>Forma como se percibe a s\u00ed misma y el modo en que se integra a la sociedad, satisfacci\u00f3n personal de sus rasgos, cultura y creencias.<\/li>\n<\/ul>\n<em><strong>EMPATIA<\/strong><\/em>\n<ul>\n \t<li>Comprender el estado de \u00e1nimo de los dem\u00e1s y nos lleva a un comportamiento m\u00e1s solidario.<\/li>\n<\/ul>\n<em><strong>SOLIDARIDAD<\/strong><\/em>\n<ul>\n \t<li>Consiste en dar algo a alguien, ya sea algo material o emocional, sin esperar nada a cambio.<\/li>\n<\/ul>\n<em><strong>COMPROMISO<\/strong><\/em>\n<ul>\n \t<li class=\"text-justify\">Trabajar sobre los logros alcanzados y hacia las metas propuestas, creer en lo que se hace y realizarlo con la normatividad.<\/li>\n<\/ul>\t\t\t\t\t\t\t\t<\/div>\n\t\t\t\t<\/div>\n\t\t\t\t\t<\/div>\n\t\t\t\t<\/div>\n\t\t\t\t\t<\/div>\n\t\t\t\t<\/div>\n\t\t\t\t<\/div>\n\t\t\t\t<\/div>\n\t\t","protected":false},"excerpt":{"rendered":"<p>CONOCE MAS SOBRE NOSOTROS Somos un instituto de educaci\u00f3n superior tecnol\u00f3gica comprometido con la formaci\u00f3n de profesionales t\u00e9cnicos Nuestra Misi\u00f3n El Instituto de Educaci\u00f3n Superior P\u00fablico \u201cHuarmaca\u201d, es una instituci\u00f3n l\u00edder comprometida con la formaci\u00f3n de profesionales competitivos y de calidad, con habilidad de liderazgo, intelectual, innovador y empresarial, adaptados a los cambios cient\u00edfico \u2013 [&hellip;]<\/p>\n","protected":false},"author":1,"featured_media":0,"parent":0,"menu_order":0,"comment_status":"closed","ping_status":"closed","template":"","meta":{"_acf_changed":false,"footnotes":""},"class_list":["post-248","page","type-page","status-publish","hentry"],"blocksy_meta":{"has_hero_section":"disabled","styles_descriptor":{"styles":{"desktop":"","tablet":"","mobile":""},"google_fonts":[],"version":6}},"acf":[],"_links":{"self":[{"href":"https:\/\/iestphuarmaca.edu.pe\/portal\/wp-json\/wp\/v2\/pages\/248","targetHints":{"allow":["GET"]}}],"collection":[{"href":"https:\/\/iestphuarmaca.edu.pe\/portal\/wp-json\/wp\/v2\/pages"}],"about":[{"href":"https:\/\/iestphuarmaca.edu.pe\/portal\/wp-json\/wp\/v2\/types\/page"}],"author":[{"embeddable":true,"href":"https:\/\/iestphuarmaca.edu.pe\/portal\/wp-json\/wp\/v2\/users\/1"}],"replies":[{"embeddable":true,"href":"https:\/\/iestphuarmaca.edu.pe\/portal\/wp-json\/wp\/v2\/comments?post=248"}],"version-history":[{"count":214,"href":"https:\/\/iestphuarmaca.edu.pe\/portal\/wp-json\/wp\/v2\/pages\/248\/revisions"}],"predecessor-version":[{"id":5319,"href":"https:\/\/iestphuarmaca.edu.pe\/portal\/wp-json\/wp\/v2\/pages\/248\/revisions\/5319"}],"wp:attachment":[{"href":"https:\/\/iestphuarmaca.edu.pe\/portal\/wp-json\/wp\/v2\/media?parent=248"}],"curies":[{"name":"wp","href":"https:\/\/api.w.org\/{rel}","templated":true}]}}